{"id":271,"date":"2025-06-13T10:18:50","date_gmt":"2025-06-13T10:18:50","guid":{"rendered":"https:\/\/webi2sc.live-website.com\/?page_id=271"},"modified":"2025-11-05T15:23:37","modified_gmt":"2025-11-05T15:23:37","slug":"sobre-nosotros","status":"publish","type":"page","link":"https:\/\/i2sc.es\/en\/sobre-nosotros\/","title":{"rendered":"About us"},"content":{"rendered":"<p class=\"has-medium-font-size translation-block\"><strong>Intelligent and Information Systems Certification \u2013 I2SC<\/strong> is formed by a team of professionals with more than 25 years of experience in <strong>Artificial Intelligence, Data, Software, and ICT Governance and management based on international standards<\/strong>. We are a spin-off from <a href=\"https:\/\/www.uclm.es\/\" target=\"_self\">UCLM<\/a> with recognised experience in the industrial, research, teaching and dissemination fields.<\/p>\n\n\n\n<div class=\"wp-block-cover aligncenter\" style=\"border-radius:12px;min-height:60px;aspect-ratio:unset;\"><span aria-hidden=\"true\" class=\"wp-block-cover__background has-primary-background-color has-background-dim-100 has-background-dim\"><\/span><div class=\"wp-block-cover__inner-container is-layout-flow wp-block-cover-is-layout-flow\">\n<p class=\"has-text-align-center has-white-color has-text-color has-link-color has-medium-font-size wp-elements-47964d2aed22d51845a6dbea5bddc0ee\"><strong><strong>Trust, Commitment and Knowledge at the service of quality AI<\/strong><\/strong><\/p>\n<\/div><\/div>\n\n\n\n<p class=\"has-text-align-center\" style=\"border-radius:12px\"><\/p>\n\n\n\n<figure class=\"wp-block-image aligncenter size-large\"><img decoding=\"async\" src=\"https:\/\/i2sc.es\/wp-content\/uploads\/2025\/06\/i2sc_team-1024x576.png\" alt=\"\"\/><\/figure>\n\n\n\n<div class=\"wp-block-group is-nowrap is-layout-flex wp-container-core-group-is-layout-6c531013 wp-block-group-is-layout-flex\">\n<h2 class=\"wp-block-heading has-large-font-size\">Learn more about us on LinkedIn<\/h2>\n\n\n\n<ul class=\"wp-block-social-links is-layout-flex wp-block-social-links-is-layout-flex\"><li class=\"wp-social-link wp-social-link-linkedin  wp-block-social-link\"><a href=\"https:\/\/www.linkedin.com\/company\/i2scert\/\" class=\"wp-block-social-link-anchor\"><svg width=\"24\" height=\"24\" viewbox=\"0 0 24 24\" version=\"1.1\" xmlns=\"http:\/\/www.w3.org\/2000\/svg\" aria-hidden=\"true\" focusable=\"false\"><path d=\"M19.7,3H4.3C3.582,3,3,3.582,3,4.3v15.4C3,20.418,3.582,21,4.3,21h15.4c0.718,0,1.3-0.582,1.3-1.3V4.3 C21,3.582,20.418,3,19.7,3z M8.339,18.338H5.667v-8.59h2.672V18.338z M7.004,8.574c-0.857,0-1.549-0.694-1.549-1.548 c0-0.855,0.691-1.548,1.549-1.548c0.854,0,1.547,0.694,1.547,1.548C8.551,7.881,7.858,8.574,7.004,8.574z M18.339,18.338h-2.669 v-4.177c0-0.996-0.017-2.278-1.387-2.278c-1.389,0-1.601,1.086-1.601,2.206v4.249h-2.667v-8.59h2.559v1.174h0.037 c0.356-0.675,1.227-1.387,2.526-1.387c2.703,0,3.203,1.779,3.203,4.092V18.338z\"><\/path><\/svg><span class=\"wp-block-social-link-label screen-reader-text\">LinkedIn<\/span><\/a><\/li><\/ul>\n<\/div>\n\n\n\n<div class=\"wp-block-columns is-layout-flex wp-container-core-columns-is-layout-28f84493 wp-block-columns-is-layout-flex\">\n<div class=\"wp-block-column is-layout-flow wp-block-column-is-layout-flow\" style=\"flex-basis:100%\">\n<div class=\"wp-block-columns is-layout-flex wp-container-core-columns-is-layout-28f84493 wp-block-columns-is-layout-flex\">\n<div class=\"wp-block-column is-layout-flow wp-block-column-is-layout-flow\">\n<ul style=\"margin-right:25px;margin-left:25px\" class=\"wp-block-list\">\n<li><a href=\"https:\/\/www.linkedin.com\/in\/mario-piattini-0933579\/\" data-type=\"link\" data-id=\"https:\/\/www.linkedin.com\/in\/mario-piattini-0933579\/\">Mario Piattini<\/a><\/li>\n\n\n\n<li><a href=\"https:\/\/www.linkedin.com\/in\/carlosmfs\/\" data-type=\"link\" data-id=\"https:\/\/www.linkedin.com\/in\/carlosmfs\/\">Carlos Manuel Fern\u00e1ndez<\/a><\/li>\n\n\n\n<li>Jos\u00e9 \u00c1ngel Olivas<\/li>\n\n\n\n<li><a href=\"https:\/\/www.linkedin.com\/in\/moisesrm\/\" data-type=\"link\" data-id=\"https:\/\/www.linkedin.com\/in\/moisesrm\/\">Mois\u00e9s Rodr\u00edguez<\/a><\/li>\n\n\n\n<li><a href=\"https:\/\/www.linkedin.com\/in\/francisco-pascual-romero-08512b24\/\">Francisco Pascual Romero<\/a><\/li>\n<\/ul>\n<\/div>\n\n\n\n<div class=\"wp-block-column is-layout-flow wp-block-column-is-layout-flow\">\n<ul style=\"margin-right:25px;margin-left:25px\" class=\"wp-block-list\">\n<li><a href=\"https:\/\/www.linkedin.com\/in\/javiervl\/\" data-type=\"link\" data-id=\"https:\/\/www.linkedin.com\/in\/javiervl\/\">Javier Verdugo<\/a><\/li>\n\n\n\n<li><a href=\"https:\/\/www.linkedin.com\/in\/jesusserranoguerrero\/\" data-type=\"link\" data-id=\"https:\/\/www.linkedin.com\/in\/jesusserranoguerrero\/\">Jes\u00fas Serrano<\/a><\/li>\n\n\n\n<li><a href=\"https:\/\/www.linkedin.com\/in\/amontoromontarroso\/\">Andr\u00e9s Montoro<\/a><\/li>\n\n\n\n<li><a href=\"https:\/\/www.linkedin.com\/in\/jes%C3%BAs-ram%C3%B3n-oviedo-lama-97a12027\/\">Jes\u00fas Oviedo<\/a><\/li>\n<\/ul>\n<\/div>\n<\/div>\n\n\n\n<div style=\"height:5px\" aria-hidden=\"true\" class=\"wp-block-spacer\"><\/div>\n\n\n\n<p class=\"translation-block\">You can also consult informative resources and information about the research we carry out in our <a href=\"\/en\/recursos\/\" data-type=\"\u2018page\u2019\" data-id=\"\u2018367\u2019\" target=\"_self\">Resources<\/a> and <a href=\"\/en\/blog\/\" data-type=\"\u2018page\u2019\" data-id=\"\u201cpage\u201d\" target=\"_self\">Blog<\/a> sections.<\/p>\n<\/div>\n<\/div>\n\n\n\n<h2 class=\"wp-block-heading has-large-font-size\" style=\"margin-top:40px;margin-bottom:40px\">Get certified with I2SC<\/h2>\n\n\n\n<div class=\"wp-block-columns is-layout-flex wp-container-core-columns-is-layout-28f84493 wp-block-columns-is-layout-flex\">\n<div class=\"wp-block-column is-layout-flow wp-block-column-is-layout-flow\">\n<p>At I2SC, we offer expert advice on the implementation and certification of AI-related standards in various areas: management, governance, process quality, product quality, data quality and model quality. Our team will support you at every stage of the process.<\/p>\n\n\n\n<p>Contact us today and start your certification journey.<\/p>\n<\/div>\n\n\n\n<div class=\"wp-block-column is-layout-flow wp-block-column-is-layout-flow\">\n<div class=\"wp-block-cover has-parallax wp-duotone-unset-1\" style=\"border-radius:10px;min-height:203px;aspect-ratio:unset;\"><span aria-hidden=\"true\" class=\"wp-block-cover__background has-background-dim-40 has-background-dim\"><\/span><div class=\"wp-block-cover__image-background wp-image-107 has-parallax\" style=\"background-position:50% 50%;background-image:url(https:\/\/webi2sc.live-website.com\/wp-content\/uploads\/2025\/03\/title-back_04.png)\"><\/div><div class=\"wp-block-cover__inner-container has-global-padding is-layout-constrained wp-block-cover-is-layout-constrained\">\n<p class=\"has-text-align-center has-white-color has-text-color has-link-color has-medium-large-font-size wp-elements-82f2084b4aca182736f610f550d46f51\">Interested in our services?<\/p>\n\n\n\n<div class=\"wp-block-buttons is-layout-flex wp-block-buttons-is-layout-flex\">\n<div class=\"wp-block-button has-custom-font-size aligncenter is-style-blockscape-button-icon-after is-style-bs-button-1 has-small-medium-font-size\"><a class=\"wp-block-button__link wp-element-button\" href=\"\/en\/contactar\/\" style=\"border-style:none;border-width:0px\">Contact us<\/a><\/div>\n<\/div>\n<\/div><\/div>\n<\/div>\n<\/div>","protected":false},"excerpt":{"rendered":"<p>Intelligent and Information Systems Certification &#8211; I2SC est\u00e1 formada por un equipo de profesionales con m\u00e1s de 25 a\u00f1os de experiencia en Inteligencia Artificial, Datos, Software, Gobierno y gesti\u00f3n TIC basados en est\u00e1ndares internacionales. Somos una spin-off de la UCLM en la que contamos con reconocida experiencia tanto en el \u00e1mbito industrial, como el investigador, [&hellip;]<\/p>\n","protected":false},"author":1,"featured_media":0,"parent":0,"menu_order":0,"comment_status":"closed","ping_status":"closed","template":"","meta":{"footnotes":""},"class_list":["post-271","page","type-page","status-publish","hentry"],"_links":{"self":[{"href":"https:\/\/i2sc.es\/en\/wp-json\/wp\/v2\/pages\/271","targetHints":{"allow":["GET"]}}],"collection":[{"href":"https:\/\/i2sc.es\/en\/wp-json\/wp\/v2\/pages"}],"about":[{"href":"https:\/\/i2sc.es\/en\/wp-json\/wp\/v2\/types\/page"}],"author":[{"embeddable":true,"href":"https:\/\/i2sc.es\/en\/wp-json\/wp\/v2\/users\/1"}],"replies":[{"embeddable":true,"href":"https:\/\/i2sc.es\/en\/wp-json\/wp\/v2\/comments?post=271"}],"version-history":[{"count":16,"href":"https:\/\/i2sc.es\/en\/wp-json\/wp\/v2\/pages\/271\/revisions"}],"predecessor-version":[{"id":504,"href":"https:\/\/i2sc.es\/en\/wp-json\/wp\/v2\/pages\/271\/revisions\/504"}],"wp:attachment":[{"href":"https:\/\/i2sc.es\/en\/wp-json\/wp\/v2\/media?parent=271"}],"curies":[{"name":"wp","href":"https:\/\/api.w.org\/{rel}","templated":true}]}}