{"id":297,"date":"2025-06-18T17:25:38","date_gmt":"2025-06-18T17:25:38","guid":{"rendered":"https:\/\/webi2sc.live-website.com\/?page_id=297"},"modified":"2026-02-26T16:56:59","modified_gmt":"2026-02-26T16:56:59","slug":"noticias","status":"publish","type":"page","link":"https:\/\/i2sc.es\/en\/noticias\/","title":{"rendered":"News"},"content":{"rendered":"<div class=\"wp-block-query is-layout-flow wp-block-query-is-layout-flow\"><ul class=\"wp-block-post-template is-layout-flow wp-block-post-template-is-layout-flow\"><li class=\"wp-block-post post-865 post type-post status-publish format-standard has-post-thumbnail hentry category-noticias\">\n<h2 class=\"wp-block-post-title\"><a href=\"https:\/\/i2sc.es\/en\/noticias\/arranca-la-microcredencial-en-gobierno-gestion-y-calidad-de-la-ia\/\" target=\"_self\" >Training in AI Governance, Management and Quality begins<\/a><\/h2>\n\n<div style=\"font-size:14px; padding-top:var(--wp--preset--spacing--70);padding-bottom:var(--wp--preset--spacing--70);\" class=\"wp-block-post-date\"><time datetime=\"2026-02-18T16:12:45+00:00\">February 18, 2026<\/time><\/div>\n\n\n<div class=\"wp-block-columns is-layout-flex wp-container-core-columns-is-layout-28f84493 wp-block-columns-is-layout-flex\">\n<div class=\"wp-block-column is-layout-flow wp-block-column-is-layout-flow\" style=\"flex-basis:33.33%\"><figure class=\"wp-block-post-featured-image\"><img loading=\"lazy\" decoding=\"async\" width=\"1400\" height=\"650\" src=\"https:\/\/i2sc.es\/wp-content\/uploads\/2026\/02\/comienzo_microcredencial_IA.png\" class=\"attachment-post-thumbnail size-post-thumbnail wp-post-image\" alt=\"\" style=\"object-fit:cover;\" srcset=\"https:\/\/i2sc.es\/wp-content\/uploads\/2026\/02\/comienzo_microcredencial_IA.png 1400w, https:\/\/i2sc.es\/wp-content\/uploads\/2026\/02\/comienzo_microcredencial_IA-300x139.png 300w, https:\/\/i2sc.es\/wp-content\/uploads\/2026\/02\/comienzo_microcredencial_IA-1024x475.png 1024w, https:\/\/i2sc.es\/wp-content\/uploads\/2026\/02\/comienzo_microcredencial_IA-768x357.png 768w, https:\/\/i2sc.es\/wp-content\/uploads\/2026\/02\/comienzo_microcredencial_IA-18x8.png 18w\" sizes=\"auto, (max-width: 1400px) 100vw, 1400px\" \/><\/figure><\/div>\n\n\n\n<div class=\"wp-block-column is-layout-flow wp-block-column-is-layout-flow\" style=\"flex-basis:66.66%\"><div class=\"wp-block-post-excerpt\"><p class=\"wp-block-post-excerpt__excerpt\">Tuesday, 17 February marked the start of the micro-credential training in AI Governance, Management and Quality, which I2SC is collaborating on organising and teaching with UCLM. With a warm welcome, more than 75 students are participating in this first edition of the micro-credential, with the aim of learning about the most important legislative and technological frameworks in the areas of governance, management, and quality of AI.<\/p><p class=\"wp-block-post-excerpt__more-text\"><a class=\"wp-block-post-excerpt__more-link\" href=\"https:\/\/i2sc.es\/en\/noticias\/arranca-la-microcredencial-en-gobierno-gestion-y-calidad-de-la-ia\/\">Read more \u2192<\/a><\/p><\/div><\/div>\n<\/div>\n\n<\/li><li class=\"wp-block-post post-860 post type-post status-publish format-standard has-post-thumbnail hentry category-noticias\">\n<h2 class=\"wp-block-post-title\"><a href=\"https:\/\/i2sc.es\/en\/noticias\/2a-edicion-del-libro-gobierno-gestion-y-calidad-de-la-inteligencia-artificial\/\" target=\"_self\" >2nd edition of the book Governance, Management and Quality of Artificial Intelligence<\/a><\/h2>\n\n<div style=\"font-size:14px; padding-top:var(--wp--preset--spacing--70);padding-bottom:var(--wp--preset--spacing--70);\" class=\"wp-block-post-date\"><time datetime=\"2026-02-09T11:56:32+00:00\">February 9, 2026<\/time><\/div>\n\n\n<div class=\"wp-block-columns is-layout-flex wp-container-core-columns-is-layout-28f84493 wp-block-columns-is-layout-flex\">\n<div class=\"wp-block-column is-layout-flow wp-block-column-is-layout-flow\" style=\"flex-basis:33.33%\"><figure class=\"wp-block-post-featured-image\"><img loading=\"lazy\" decoding=\"async\" width=\"1400\" height=\"650\" src=\"https:\/\/i2sc.es\/wp-content\/uploads\/2026\/02\/libro_GGCIA_2_ed.png\" class=\"attachment-post-thumbnail size-post-thumbnail wp-post-image\" alt=\"\" style=\"object-fit:cover;\" srcset=\"https:\/\/i2sc.es\/wp-content\/uploads\/2026\/02\/libro_GGCIA_2_ed.png 1400w, https:\/\/i2sc.es\/wp-content\/uploads\/2026\/02\/libro_GGCIA_2_ed-300x139.png 300w, https:\/\/i2sc.es\/wp-content\/uploads\/2026\/02\/libro_GGCIA_2_ed-1024x475.png 1024w, https:\/\/i2sc.es\/wp-content\/uploads\/2026\/02\/libro_GGCIA_2_ed-768x357.png 768w, https:\/\/i2sc.es\/wp-content\/uploads\/2026\/02\/libro_GGCIA_2_ed-18x8.png 18w\" sizes=\"auto, (max-width: 1400px) 100vw, 1400px\" \/><\/figure><\/div>\n\n\n\n<div class=\"wp-block-column is-layout-flow wp-block-column-is-layout-flow\" style=\"flex-basis:66.66%\"><div class=\"wp-block-post-excerpt\"><p class=\"wp-block-post-excerpt__excerpt\">Our colleague Mario Piattini has launched the second edition of the book Government, Management and Quality of Artificial Intelligence, sponsored by I2SC and available on Amazon (in Spanish). This new version is practically twice the length of the previous one and has been almost entirely updated. It presents the main standards, methodologies and techniques related to<\/p><p class=\"wp-block-post-excerpt__more-text\"><a class=\"wp-block-post-excerpt__more-link\" href=\"https:\/\/i2sc.es\/en\/noticias\/2a-edicion-del-libro-gobierno-gestion-y-calidad-de-la-inteligencia-artificial\/\">Read more \u2192<\/a><\/p><\/div><\/div>\n<\/div>\n\n<\/li><li class=\"wp-block-post post-834 post type-post status-publish format-standard has-post-thumbnail hentry category-noticias\">\n<h2 class=\"wp-block-post-title\"><a href=\"https:\/\/i2sc.es\/en\/noticias\/inteligencia-artificial-y-contratacion-publica-regulacion-gobernanza-y-cumplimiento\/\" target=\"_self\" >Artificial Intelligence and Public Procurement: regulation, governance and compliance<\/a><\/h2>\n\n<div style=\"font-size:14px; padding-top:var(--wp--preset--spacing--70);padding-bottom:var(--wp--preset--spacing--70);\" class=\"wp-block-post-date\"><time datetime=\"2026-01-07T14:02:27+00:00\">January 7, 2026<\/time><\/div>\n\n\n<div class=\"wp-block-columns is-layout-flex wp-container-core-columns-is-layout-28f84493 wp-block-columns-is-layout-flex\">\n<div class=\"wp-block-column is-layout-flow wp-block-column-is-layout-flow\" style=\"flex-basis:33.33%\"><figure class=\"wp-block-post-featured-image\"><img loading=\"lazy\" decoding=\"async\" width=\"1400\" height=\"650\" src=\"https:\/\/i2sc.es\/wp-content\/uploads\/2026\/01\/libro_IA_contratacion_publica.png\" class=\"attachment-post-thumbnail size-post-thumbnail wp-post-image\" alt=\"\" style=\"object-fit:cover;\" srcset=\"https:\/\/i2sc.es\/wp-content\/uploads\/2026\/01\/libro_IA_contratacion_publica.png 1400w, https:\/\/i2sc.es\/wp-content\/uploads\/2026\/01\/libro_IA_contratacion_publica-300x139.png 300w, https:\/\/i2sc.es\/wp-content\/uploads\/2026\/01\/libro_IA_contratacion_publica-1024x475.png 1024w, https:\/\/i2sc.es\/wp-content\/uploads\/2026\/01\/libro_IA_contratacion_publica-768x357.png 768w, https:\/\/i2sc.es\/wp-content\/uploads\/2026\/01\/libro_IA_contratacion_publica-18x8.png 18w\" sizes=\"auto, (max-width: 1400px) 100vw, 1400px\" \/><\/figure><\/div>\n\n\n\n<div class=\"wp-block-column is-layout-flow wp-block-column-is-layout-flow\" style=\"flex-basis:66.66%\"><div class=\"wp-block-post-excerpt\"><p class=\"wp-block-post-excerpt__excerpt\">The collective work Artificial Intelligence and Public Procurement: Regulation, Governance and Compliance is now available. Andr\u00e9s Montoro Montarroso, co-founder of I2SC, participated in its coordination and preparation. The publication offers a rigorous analysis of the structural impact of Artificial Intelligence on the public sector, with a special focus on public procurement. This book also includes contributions from Jos\u00e9 \u00c1ngel Olivas and Jes\u00fas Serrano, also co-founders of I2SC. The work addresses<\/p><p class=\"wp-block-post-excerpt__more-text\"><a class=\"wp-block-post-excerpt__more-link\" href=\"https:\/\/i2sc.es\/en\/noticias\/inteligencia-artificial-y-contratacion-publica-regulacion-gobernanza-y-cumplimiento\/\">Read more \u2192<\/a><\/p><\/div><\/div>\n<\/div>\n\n<\/li><li class=\"wp-block-post post-815 post type-post status-publish format-standard has-post-thumbnail hentry category-noticias\">\n<h2 class=\"wp-block-post-title\"><a href=\"https:\/\/i2sc.es\/en\/noticias\/i2sc-colabora-en-la-formacion-oficial-de-uclm-en-gobierno-gestion-y-calidad-de-la-ia\/\" target=\"_self\" >I2SC collaborates in the official training of UCLM in AI Governance, Management and Quality<\/a><\/h2>\n\n<div style=\"font-size:14px; padding-top:var(--wp--preset--spacing--70);padding-bottom:var(--wp--preset--spacing--70);\" class=\"wp-block-post-date\"><time datetime=\"2025-12-09T19:00:59+00:00\">December 9, 2025<\/time><\/div>\n\n\n<div class=\"wp-block-columns is-layout-flex wp-container-core-columns-is-layout-28f84493 wp-block-columns-is-layout-flex\">\n<div class=\"wp-block-column is-layout-flow wp-block-column-is-layout-flow\" style=\"flex-basis:33.33%\"><figure class=\"wp-block-post-featured-image\"><img loading=\"lazy\" decoding=\"async\" width=\"838\" height=\"316\" src=\"https:\/\/i2sc.es\/wp-content\/uploads\/2025\/12\/microcredencial_UCML.png\" class=\"attachment-post-thumbnail size-post-thumbnail wp-post-image\" alt=\"\" style=\"object-fit:cover;\" srcset=\"https:\/\/i2sc.es\/wp-content\/uploads\/2025\/12\/microcredencial_UCML.png 838w, https:\/\/i2sc.es\/wp-content\/uploads\/2025\/12\/microcredencial_UCML-300x113.png 300w, https:\/\/i2sc.es\/wp-content\/uploads\/2025\/12\/microcredencial_UCML-768x290.png 768w, https:\/\/i2sc.es\/wp-content\/uploads\/2025\/12\/microcredencial_UCML-18x7.png 18w\" sizes=\"auto, (max-width: 838px) 100vw, 838px\" \/><\/figure><\/div>\n\n\n\n<div class=\"wp-block-column is-layout-flow wp-block-column-is-layout-flow\" style=\"flex-basis:66.66%\"><div class=\"wp-block-post-excerpt\"><p class=\"wp-block-post-excerpt__excerpt\">I2SC will be the collaborating entity in the organisation and delivery of the new micro-credential in AI Governance, Management and Quality offered by UCLM (in Spanish). This micro-credential aims to provide a training solution to a clear need for professionals specialising in the area of AI governance, management and quality. It provides a comprehensive overview<\/p><p class=\"wp-block-post-excerpt__more-text\"><a class=\"wp-block-post-excerpt__more-link\" href=\"https:\/\/i2sc.es\/en\/noticias\/i2sc-colabora-en-la-formacion-oficial-de-uclm-en-gobierno-gestion-y-calidad-de-la-ia\/\">Read more \u2192<\/a><\/p><\/div><\/div>\n<\/div>\n\n<\/li><li class=\"wp-block-post post-768 post type-post status-publish format-standard has-post-thumbnail hentry category-noticias\">\n<h2 class=\"wp-block-post-title\"><a href=\"https:\/\/i2sc.es\/en\/noticias\/consigue-gratis-el-libro-gobierno-gestion-y-calidad-de-la-inteligencia\/\" target=\"_self\" >Get the book Government, Management and Quality of Intelligence for free<\/a><\/h2>\n\n<div style=\"font-size:14px; padding-top:var(--wp--preset--spacing--70);padding-bottom:var(--wp--preset--spacing--70);\" class=\"wp-block-post-date\"><time datetime=\"2025-10-24T06:24:55+00:00\">October 24, 2025<\/time><\/div>\n\n\n<div class=\"wp-block-columns is-layout-flex wp-container-core-columns-is-layout-28f84493 wp-block-columns-is-layout-flex\">\n<div class=\"wp-block-column is-layout-flow wp-block-column-is-layout-flow\" style=\"flex-basis:33.33%\"><figure class=\"wp-block-post-featured-image\"><img loading=\"lazy\" decoding=\"async\" width=\"1400\" height=\"650\" src=\"https:\/\/i2sc.es\/wp-content\/uploads\/2025\/10\/libro_GGCIA_noticia.png\" class=\"attachment-post-thumbnail size-post-thumbnail wp-post-image\" alt=\"\" style=\"object-fit:cover;\" srcset=\"https:\/\/i2sc.es\/wp-content\/uploads\/2025\/10\/libro_GGCIA_noticia.png 1400w, https:\/\/i2sc.es\/wp-content\/uploads\/2025\/10\/libro_GGCIA_noticia-300x139.png 300w, https:\/\/i2sc.es\/wp-content\/uploads\/2025\/10\/libro_GGCIA_noticia-1024x475.png 1024w, https:\/\/i2sc.es\/wp-content\/uploads\/2025\/10\/libro_GGCIA_noticia-768x357.png 768w, https:\/\/i2sc.es\/wp-content\/uploads\/2025\/10\/libro_GGCIA_noticia-18x8.png 18w\" sizes=\"auto, (max-width: 1400px) 100vw, 1400px\" \/><\/figure><\/div>\n\n\n\n<div class=\"wp-block-column is-layout-flow wp-block-column-is-layout-flow\" style=\"flex-basis:66.66%\"><div class=\"wp-block-post-excerpt\"><p class=\"wp-block-post-excerpt__excerpt\">You can now get the book Gobierno, Gesti\u00f3n y Calidad de la Inteligencia Artificial in digital format (PDF) completely free of charge here. In recent years, there has been a strong emphasis on the need for \"trustworthy\" and \"responsible\" AI that respects legal and ethical issues and allows for the construction and exploitation of robust intelligent systems.<\/p><p class=\"wp-block-post-excerpt__more-text\"><a class=\"wp-block-post-excerpt__more-link\" href=\"https:\/\/i2sc.es\/en\/noticias\/consigue-gratis-el-libro-gobierno-gestion-y-calidad-de-la-inteligencia\/\">Read more \u2192<\/a><\/p><\/div><\/div>\n<\/div>\n\n<\/li><li class=\"wp-block-post post-728 post type-post status-publish format-standard has-post-thumbnail hentry category-noticias\">\n<h2 class=\"wp-block-post-title\"><a href=\"https:\/\/i2sc.es\/en\/noticias\/i2sc-se-une-al-consorcio-aiqi-para-impulsar-el-gobierno-y-la-calidad-en-la-inteligencia-artificial\/\" target=\"_self\" >I2SC joins the AIQI Consortium to promote governance and quality in artificial intelligence<\/a><\/h2>\n\n<div style=\"font-size:14px; padding-top:var(--wp--preset--spacing--70);padding-bottom:var(--wp--preset--spacing--70);\" class=\"wp-block-post-date\"><time datetime=\"2025-10-13T14:57:32+00:00\">October 13, 2025<\/time><\/div>\n\n\n<div class=\"wp-block-columns is-layout-flex wp-container-core-columns-is-layout-28f84493 wp-block-columns-is-layout-flex\">\n<div class=\"wp-block-column is-layout-flow wp-block-column-is-layout-flow\" style=\"flex-basis:33.33%\"><figure class=\"wp-block-post-featured-image\"><img loading=\"lazy\" decoding=\"async\" width=\"1400\" height=\"650\" src=\"https:\/\/i2sc.es\/wp-content\/uploads\/2025\/10\/AIQI_I2SC.png\" class=\"attachment-post-thumbnail size-post-thumbnail wp-post-image\" alt=\"\" style=\"object-fit:cover;\" srcset=\"https:\/\/i2sc.es\/wp-content\/uploads\/2025\/10\/AIQI_I2SC.png 1400w, https:\/\/i2sc.es\/wp-content\/uploads\/2025\/10\/AIQI_I2SC-300x139.png 300w, https:\/\/i2sc.es\/wp-content\/uploads\/2025\/10\/AIQI_I2SC-1024x475.png 1024w, https:\/\/i2sc.es\/wp-content\/uploads\/2025\/10\/AIQI_I2SC-768x357.png 768w, https:\/\/i2sc.es\/wp-content\/uploads\/2025\/10\/AIQI_I2SC-18x8.png 18w\" sizes=\"auto, (max-width: 1400px) 100vw, 1400px\" \/><\/figure><\/div>\n\n\n\n<div class=\"wp-block-column is-layout-flow wp-block-column-is-layout-flow\" style=\"flex-basis:66.66%\"><div class=\"wp-block-post-excerpt\"><p class=\"wp-block-post-excerpt__excerpt\">I2SC has announced its incorporation into the AIQI Consortium, a global initiative launched to address the ethical and digital trust challenges posed by the rapid development and deployment of artificial intelligence. This prestigious association promotes international cooperation to create a unified approach to AI governance, thereby ensuring its positive impact on society while mitigating its potential risks.<\/p><p class=\"wp-block-post-excerpt__more-text\"><a class=\"wp-block-post-excerpt__more-link\" href=\"https:\/\/i2sc.es\/en\/noticias\/i2sc-se-une-al-consorcio-aiqi-para-impulsar-el-gobierno-y-la-calidad-en-la-inteligencia-artificial\/\">Read more \u2192<\/a><\/p><\/div><\/div>\n<\/div>\n\n<\/li><li class=\"wp-block-post post-685 post type-post status-publish format-standard has-post-thumbnail hentry category-noticias\">\n<h2 class=\"wp-block-post-title\"><a href=\"https:\/\/i2sc.es\/en\/noticias\/i2sc-publica-un-nuevo-articulo-en-eaai\/\" target=\"_self\" >I2SC publishes a new article in the EAAI journal<\/a><\/h2>\n\n<div style=\"font-size:14px; padding-top:var(--wp--preset--spacing--70);padding-bottom:var(--wp--preset--spacing--70);\" class=\"wp-block-post-date\"><time datetime=\"2025-07-29T08:20:00+00:00\">July 29, 2025<\/time><\/div>\n\n\n<div class=\"wp-block-columns is-layout-flex wp-container-core-columns-is-layout-28f84493 wp-block-columns-is-layout-flex\">\n<div class=\"wp-block-column is-layout-flow wp-block-column-is-layout-flow\" style=\"flex-basis:33.33%\"><figure class=\"wp-block-post-featured-image\"><img loading=\"lazy\" decoding=\"async\" width=\"1151\" height=\"768\" src=\"https:\/\/i2sc.es\/wp-content\/uploads\/2025\/07\/EAAI_news.jpg\" class=\"attachment-post-thumbnail size-post-thumbnail wp-post-image\" alt=\"\" style=\"object-fit:cover;\" srcset=\"https:\/\/i2sc.es\/wp-content\/uploads\/2025\/07\/EAAI_news.jpg 1151w, https:\/\/i2sc.es\/wp-content\/uploads\/2025\/07\/EAAI_news-300x200.jpg 300w, https:\/\/i2sc.es\/wp-content\/uploads\/2025\/07\/EAAI_news-1024x683.jpg 1024w, https:\/\/i2sc.es\/wp-content\/uploads\/2025\/07\/EAAI_news-768x512.jpg 768w, https:\/\/i2sc.es\/wp-content\/uploads\/2025\/07\/EAAI_news-18x12.jpg 18w\" sizes=\"auto, (max-width: 1151px) 100vw, 1151px\" \/><\/figure><\/div>\n\n\n\n<div class=\"wp-block-column is-layout-flow wp-block-column-is-layout-flow\" style=\"flex-basis:66.66%\"><div class=\"wp-block-post-excerpt\"><p class=\"wp-block-post-excerpt__excerpt\">The article An Artificial Intelligence Maturity Assessment Framework Based on International Standards, written by Rub\u00e9n M\u00e1rquez, Mois\u00e9s Rodr\u00edguez, Javier Verdugo, Francisco P. Romero, and Mario Piattini, has been published in the journal Engineering Applications of Artificial Intelligence, vol. 159 (November 2025). \nThis article presents MMSIA, the Artificial Intelligence Software Maturity Model defined by I2SC<\/p><p class=\"wp-block-post-excerpt__more-text\"><a class=\"wp-block-post-excerpt__more-link\" href=\"https:\/\/i2sc.es\/en\/noticias\/i2sc-publica-un-nuevo-articulo-en-eaai\/\">Read more \u2192<\/a><\/p><\/div><\/div>\n<\/div>\n\n<\/li><li class=\"wp-block-post post-547 post type-post status-publish format-standard has-post-thumbnail hentry category-noticias\">\n<h2 class=\"wp-block-post-title\"><a href=\"https:\/\/i2sc.es\/en\/noticias\/i2sc-colaborara-con-aqclab-para-evaluar-la-ia\/\" target=\"_self\" >I2SC will collaborate with AQCLab to evaluate AI quality<\/a><\/h2>\n\n<div style=\"font-size:14px; padding-top:var(--wp--preset--spacing--70);padding-bottom:var(--wp--preset--spacing--70);\" class=\"wp-block-post-date\"><time datetime=\"2025-07-04T07:34:36+00:00\">July 4, 2025<\/time><\/div>\n\n\n<div class=\"wp-block-columns is-layout-flex wp-container-core-columns-is-layout-28f84493 wp-block-columns-is-layout-flex\">\n<div class=\"wp-block-column is-layout-flow wp-block-column-is-layout-flow\" style=\"flex-basis:33.33%\"><figure class=\"wp-block-post-featured-image\"><img loading=\"lazy\" decoding=\"async\" width=\"1400\" height=\"650\" src=\"https:\/\/i2sc.es\/wp-content\/uploads\/2025\/07\/aqclab_logo_marca_2.png\" class=\"attachment-post-thumbnail size-post-thumbnail wp-post-image\" alt=\"\" style=\"object-fit:cover;\" srcset=\"https:\/\/i2sc.es\/wp-content\/uploads\/2025\/07\/aqclab_logo_marca_2.png 1400w, https:\/\/i2sc.es\/wp-content\/uploads\/2025\/07\/aqclab_logo_marca_2-300x139.png 300w, https:\/\/i2sc.es\/wp-content\/uploads\/2025\/07\/aqclab_logo_marca_2-1024x475.png 1024w, https:\/\/i2sc.es\/wp-content\/uploads\/2025\/07\/aqclab_logo_marca_2-768x357.png 768w\" sizes=\"auto, (max-width: 1400px) 100vw, 1400px\" \/><\/figure><\/div>\n\n\n\n<div class=\"wp-block-column is-layout-flow wp-block-column-is-layout-flow\" style=\"flex-basis:66.66%\"><div class=\"wp-block-post-excerpt\"><p class=\"wp-block-post-excerpt__excerpt\">I2SC has established a collaboration agreement with AQCLab, the first and only laboratory internationally accredited by ENAC\/ILAC for the evaluation of software quality and data quality under the ISO\/IEC 25000 family of standards. \nThis collaboration is key to the development of I2SC projects under the framework of standards for the evaluation, improvement, and certification of intelligent systems<\/p><p class=\"wp-block-post-excerpt__more-text\"><a class=\"wp-block-post-excerpt__more-link\" href=\"https:\/\/i2sc.es\/en\/noticias\/i2sc-colaborara-con-aqclab-para-evaluar-la-ia\/\">Read more \u2192<\/a><\/p><\/div><\/div>\n<\/div>\n\n<\/li><li class=\"wp-block-post post-295 post type-post status-publish format-standard has-post-thumbnail hentry category-noticias\">\n<h2 class=\"wp-block-post-title\"><a href=\"https:\/\/i2sc.es\/en\/noticias\/nace-i2sc\/\" target=\"_self\" >I2SC is born<\/a><\/h2>\n\n<div style=\"font-size:14px; padding-top:var(--wp--preset--spacing--70);padding-bottom:var(--wp--preset--spacing--70);\" class=\"wp-block-post-date\"><time datetime=\"2025-06-18T17:22:06+00:00\">June 18, 2025<\/time><\/div>\n\n\n<div class=\"wp-block-columns is-layout-flex wp-container-core-columns-is-layout-28f84493 wp-block-columns-is-layout-flex\">\n<div class=\"wp-block-column is-layout-flow wp-block-column-is-layout-flow\" style=\"flex-basis:33.33%\"><figure class=\"wp-block-post-featured-image\"><img loading=\"lazy\" decoding=\"async\" width=\"1398\" height=\"786\" src=\"https:\/\/i2sc.es\/wp-content\/uploads\/2025\/06\/i2sc_team.png\" class=\"attachment-post-thumbnail size-post-thumbnail wp-post-image\" alt=\"Equipo I2SC\" style=\"object-fit:cover;\" srcset=\"https:\/\/i2sc.es\/wp-content\/uploads\/2025\/06\/i2sc_team.png 1398w, https:\/\/i2sc.es\/wp-content\/uploads\/2025\/06\/i2sc_team-300x169.png 300w, https:\/\/i2sc.es\/wp-content\/uploads\/2025\/06\/i2sc_team-1024x576.png 1024w, https:\/\/i2sc.es\/wp-content\/uploads\/2025\/06\/i2sc_team-768x432.png 768w\" sizes=\"auto, (max-width: 1398px) 100vw, 1398px\" \/><\/figure><\/div>\n\n\n\n<div class=\"wp-block-column is-layout-flow wp-block-column-is-layout-flow\" style=\"flex-basis:66.66%\"><div class=\"wp-block-post-excerpt\"><p class=\"wp-block-post-excerpt__excerpt\">I2SC (Intelligent and Information Systems Certification), your AI-GMQ partner, is born with the aim of helping you achieve AI Governance, Management and Quality. With a team of professionals with over 25 years of experience in artificial intelligence, data, ICT management, and compliance with international standards, we have recognised expertise in the industrial, research, teaching, and educational fields.<\/p><p class=\"wp-block-post-excerpt__more-text\"><a class=\"wp-block-post-excerpt__more-link\" href=\"https:\/\/i2sc.es\/en\/noticias\/nace-i2sc\/\">Read more \u2192<\/a><\/p><\/div><\/div>\n<\/div>\n\n<\/li><\/ul>\n\n\n\n<\/div>","protected":false},"excerpt":{"rendered":"","protected":false},"author":1,"featured_media":0,"parent":0,"menu_order":0,"comment_status":"closed","ping_status":"closed","template":"","meta":{"footnotes":""},"class_list":["post-297","page","type-page","status-publish","hentry"],"_links":{"self":[{"href":"https:\/\/i2sc.es\/en\/wp-json\/wp\/v2\/pages\/297","targetHints":{"allow":["GET"]}}],"collection":[{"href":"https:\/\/i2sc.es\/en\/wp-json\/wp\/v2\/pages"}],"about":[{"href":"https:\/\/i2sc.es\/en\/wp-json\/wp\/v2\/types\/page"}],"author":[{"embeddable":true,"href":"https:\/\/i2sc.es\/en\/wp-json\/wp\/v2\/users\/1"}],"replies":[{"embeddable":true,"href":"https:\/\/i2sc.es\/en\/wp-json\/wp\/v2\/comments?post=297"}],"version-history":[{"count":9,"href":"https:\/\/i2sc.es\/en\/wp-json\/wp\/v2\/pages\/297\/revisions"}],"predecessor-version":[{"id":870,"href":"https:\/\/i2sc.es\/en\/wp-json\/wp\/v2\/pages\/297\/revisions\/870"}],"wp:attachment":[{"href":"https:\/\/i2sc.es\/en\/wp-json\/wp\/v2\/media?parent=297"}],"curies":[{"name":"wp","href":"https:\/\/api.w.org\/{rel}","templated":true}]}}