{"id":367,"date":"2025-06-20T16:41:49","date_gmt":"2025-06-20T16:41:49","guid":{"rendered":"https:\/\/webi2sc.live-website.com\/?page_id=367"},"modified":"2026-02-26T16:58:04","modified_gmt":"2026-02-26T16:58:04","slug":"recursos","status":"publish","type":"page","link":"https:\/\/i2sc.es\/en\/recursos\/","title":{"rendered":"Resources"},"content":{"rendered":"<div class=\"wp-block-query is-layout-flow wp-block-query-is-layout-flow\"><ul class=\"wp-block-post-template is-layout-flow wp-block-post-template-is-layout-flow\"><li class=\"wp-block-post post-772 post type-post status-publish format-standard has-post-thumbnail hentry category-recursos tag-libro\">\n<h2 class=\"wp-block-post-title\">Gobierno, Gesti\u00f3n y Calidad de la Inteligencia Artificial (digital edition)<\/h2>\n\n\n<div style=\"height:10px\" aria-hidden=\"true\" class=\"wp-block-spacer\"><\/div>\n\n\n\n<div class=\"wp-block-columns is-layout-flex wp-container-core-columns-is-layout-28f84493 wp-block-columns-is-layout-flex\">\n<div class=\"wp-block-column is-layout-flow wp-block-column-is-layout-flow\" style=\"flex-basis:20%\"><figure class=\"wp-block-post-featured-image\"><img loading=\"lazy\" decoding=\"async\" width=\"866\" height=\"1244\" src=\"https:\/\/i2sc.es\/wp-content\/uploads\/2025\/10\/GGCIA_portada.png\" class=\"has-border-color has-base-border-color wp-post-image\" alt=\"\" style=\"border-width:1px;object-fit:cover;\" srcset=\"https:\/\/i2sc.es\/wp-content\/uploads\/2025\/10\/GGCIA_portada.png 866w, https:\/\/i2sc.es\/wp-content\/uploads\/2025\/10\/GGCIA_portada-209x300.png 209w, https:\/\/i2sc.es\/wp-content\/uploads\/2025\/10\/GGCIA_portada-713x1024.png 713w, https:\/\/i2sc.es\/wp-content\/uploads\/2025\/10\/GGCIA_portada-768x1103.png 768w, https:\/\/i2sc.es\/wp-content\/uploads\/2025\/10\/GGCIA_portada-8x12.png 8w\" sizes=\"auto, (max-width: 866px) 100vw, 866px\" \/><\/figure><\/div>\n\n\n\n<div class=\"wp-block-column is-layout-flow wp-block-column-is-layout-flow\" style=\"flex-basis:66.66%\"><div class=\"entry-content wp-block-post-content is-layout-flow wp-block-post-content-is-layout-flow\">\n<p>Author: Mario Piattini (October 2024)<\/p>\n\n\n\n<p>This book provides an overview of the main standards and techniques for governing, managing and assuring the quality of intelligent systems, with no other aim than to provide a list of tools, so that the reader is aware of their existence and the scope they address.<\/p>\n\n\n\n<p>From the good practices compiled in this book, we expect that organisations will be able to meet the challenges posed by AI by developing and deploying their own AI governance, quality and management systems in accordance with the most appropriate rights, ethical principles and engineering fundamentals.<\/p>\n\n\n\n<p class=\"translation-block\">You can now obtain your digital copy (PDF) completely free of charge <a href=\"https:\/\/i2sc.es\/en\/obten-libro-ggcia\/\" data-type=\"page\" data-id=\"748\" target=\"_self\">here<\/a> [Spanish].<\/p>\n<\/div><\/div>\n<\/div>\n\n<\/li><li class=\"wp-block-post post-636 post type-post status-publish format-standard has-post-thumbnail hentry category-recursos tag-articulo\">\n<h2 class=\"wp-block-post-title\">An Artificial Intelligence Maturity Assessment Framework Based on International Standards<\/h2>\n\n\n<div style=\"height:10px\" aria-hidden=\"true\" class=\"wp-block-spacer\"><\/div>\n\n\n\n<div class=\"wp-block-columns is-layout-flex wp-container-core-columns-is-layout-28f84493 wp-block-columns-is-layout-flex\">\n<div class=\"wp-block-column is-layout-flow wp-block-column-is-layout-flow\" style=\"flex-basis:20%\"><figure class=\"wp-block-post-featured-image\"><img loading=\"lazy\" decoding=\"async\" width=\"576\" height=\"768\" src=\"https:\/\/i2sc.es\/wp-content\/uploads\/2025\/07\/EAAI_cover.jpg\" class=\"has-border-color has-base-border-color wp-post-image\" alt=\"\" style=\"border-width:1px;object-fit:cover;\" srcset=\"https:\/\/i2sc.es\/wp-content\/uploads\/2025\/07\/EAAI_cover.jpg 576w, https:\/\/i2sc.es\/wp-content\/uploads\/2025\/07\/EAAI_cover-225x300.jpg 225w\" sizes=\"auto, (max-width: 576px) 100vw, 576px\" \/><\/figure><\/div>\n\n\n\n<div class=\"wp-block-column is-layout-flow wp-block-column-is-layout-flow\" style=\"flex-basis:66.66%\"><div class=\"entry-content wp-block-post-content is-layout-flow wp-block-post-content-is-layout-flow\">\n<p class=\"translation-block\">Authors: Rub\u00e9n M\u00e1rquez, Mois\u00e9s Rodr\u00edguez, Javier Verdugo, Francisco P. Romero, Mario Piattini. Published in <a href=\"https:\/\/www.sciencedirect.com\/journal\/engineering-applications-of-artificial-intelligence\/vol\/159\/part\/PB\" data-type=\"link\" data-id=\"https:\/\/www.sciencedirect.com\/journal\/engineering-applications-of-artificial-intelligence\/vol\/159\/part\/PB\" target=\"_self\">Engineering Applications of Artificial Intelligence, vol. 159<\/a> (November 2025)<\/p>\n\n\n\n<p>This article presents MMSIA, the Artificial Intelligence Software Maturity Model defined by I2SC, which is based on the international standards ISO\/IEC 5338 and the ISO\/IEC 33000 family.<\/p>\n\n\n\n<p>MMSIA enables organisations to have a model to assess their maturity, as well as to guide the implementation and continuous improvement of the AI system development lifecycle processes. This article describes the model and details the experience of its application in a pilot project.<\/p>\n\n\n\n<p class=\"translation-block\">You can read the article <a href=\"https:\/\/www.sciencedirect.com\/science\/article\/pii\/S0952197625016392\" data-type=\"link\" data-id=\"https:\/\/www.sciencedirect.com\/science\/article\/pii\/S0952197625016392\" target=\"_self\">here<\/a>.<\/p>\n<\/div><\/div>\n<\/div>\n\n<\/li><li class=\"wp-block-post post-605 post type-post status-publish format-standard has-post-thumbnail hentry category-recursos tag-informe\">\n<h2 class=\"wp-block-post-title\">ISO\/IEC and UNE standards about AI<\/h2>\n\n\n<div style=\"height:10px\" aria-hidden=\"true\" class=\"wp-block-spacer\"><\/div>\n\n\n\n<div class=\"wp-block-columns is-layout-flex wp-container-core-columns-is-layout-28f84493 wp-block-columns-is-layout-flex\">\n<div class=\"wp-block-column is-layout-flow wp-block-column-is-layout-flow\" style=\"flex-basis:20%\"><figure class=\"wp-block-post-featured-image\"><img loading=\"lazy\" decoding=\"async\" width=\"528\" height=\"274\" src=\"https:\/\/i2sc.es\/wp-content\/uploads\/2025\/07\/standards_ISO_UNE_I2SC.png\" class=\"has-border-color has-base-border-color wp-post-image\" alt=\"\" style=\"border-width:1px;object-fit:cover;\" srcset=\"https:\/\/i2sc.es\/wp-content\/uploads\/2025\/07\/standards_ISO_UNE_I2SC.png 528w, https:\/\/i2sc.es\/wp-content\/uploads\/2025\/07\/standards_ISO_UNE_I2SC-300x156.png 300w\" sizes=\"auto, (max-width: 528px) 100vw, 528px\" \/><\/figure><\/div>\n\n\n\n<div class=\"wp-block-column is-layout-flow wp-block-column-is-layout-flow\" style=\"flex-basis:66.66%\"><div class=\"entry-content wp-block-post-content is-layout-flow wp-block-post-content-is-layout-flow\">\n<p>This document shows the list of ISO\/IEC international standards (and also their UNE version where applicable) that are currently published, under development or planned. <em>Last updated: 14\/07\/2025<\/em><\/p>\n\n\n\n<p>You can consult the list\u00a0<a href=\"https:\/\/i2sc.es\/en\/estandares-iso-iec-une-sobre-ia\/\" data-type=\"page\" data-id=\"564\">here<\/a>.<\/p>\n<\/div><\/div>\n<\/div>\n\n<\/li><li class=\"wp-block-post post-377 post type-post status-publish format-standard has-post-thumbnail hentry category-recursos tag-articulo\">\n<h2 class=\"wp-block-post-title\">Modelo para el gobierno, gesti\u00f3n y calidad de la IA basado en est\u00e1ndares internacionales<\/h2>\n\n\n<div style=\"height:10px\" aria-hidden=\"true\" class=\"wp-block-spacer\"><\/div>\n\n\n\n<div class=\"wp-block-columns is-layout-flex wp-container-core-columns-is-layout-28f84493 wp-block-columns-is-layout-flex\">\n<div class=\"wp-block-column is-layout-flow wp-block-column-is-layout-flow\" style=\"flex-basis:20%\"><figure class=\"wp-block-post-featured-image\"><img loading=\"lazy\" decoding=\"async\" width=\"603\" height=\"848\" src=\"https:\/\/i2sc.es\/wp-content\/uploads\/2025\/06\/articulo_revista_sic_mp_cmf.png\" class=\"has-border-color has-base-border-color wp-post-image\" alt=\"Articulo revista SIC\" style=\"border-width:1px;object-fit:cover;\" srcset=\"https:\/\/i2sc.es\/wp-content\/uploads\/2025\/06\/articulo_revista_sic_mp_cmf.png 603w, https:\/\/i2sc.es\/wp-content\/uploads\/2025\/06\/articulo_revista_sic_mp_cmf-213x300.png 213w\" sizes=\"auto, (max-width: 603px) 100vw, 603px\" \/><\/figure><\/div>\n\n\n\n<div class=\"wp-block-column is-layout-flow wp-block-column-is-layout-flow\" style=\"flex-basis:66.66%\"><div class=\"entry-content wp-block-post-content is-layout-flow wp-block-post-content-is-layout-flow\">\n<p class=\"translation-block\">Authors: Mario Piattini, Carlos Manuel Fern\u00e1ndez. Published in <a href=\"https:\/\/revistasic.es\/revista-sic-numero-162\/\" target=\"_self\">SIC, n\u00ba 162<\/a> (November 2024)<\/p>\n\n\n\n<p>This article proposes a model based on ISO\/IEC standards that lays the foundation for an AI governance and management environment with focus on quality, efficiency, fairness, security, privacy, sustainability and accountability. This model, oriented towards CIOs, CDOs, CAIOs, and other stakeholders, also ensures compliance with the AI Act at a high rate.<\/p>\n\n\n\n<p>The authors expect that this model can contribute to the creation of an ecosystem of providers, developers, consultants, auditors, certifiers, etc. that offer reliable AI systems to society.<\/p>\n\n\n\n<p class=\"translation-block\">You can download the article <a href=\"\/wp-content\/uploads\/2025\/06\/articulo_SIC_IA_mp_cmf.pdf\" data-type=\"attachment\" data-id=\"380\" target=\"_blank\" rel=\"noreferrer noopener\">here<\/a>  [Spanish].<\/p>\n<\/div><\/div>\n<\/div>\n\n<\/li><li class=\"wp-block-post post-364 post type-post status-publish format-standard has-post-thumbnail hentry category-recursos tag-libro\">\n<h2 class=\"wp-block-post-title\">Gobierno, Gesti\u00f3n y Calidad de la Inteligencia Artificial<\/h2>\n\n\n<div style=\"height:10px\" aria-hidden=\"true\" class=\"wp-block-spacer\"><\/div>\n\n\n\n<div class=\"wp-block-columns is-layout-flex wp-container-core-columns-is-layout-28f84493 wp-block-columns-is-layout-flex\">\n<div class=\"wp-block-column is-layout-flow wp-block-column-is-layout-flow\" style=\"flex-basis:20%\"><figure class=\"wp-block-post-featured-image\"><img loading=\"lazy\" decoding=\"async\" width=\"1000\" height=\"1436\" src=\"https:\/\/i2sc.es\/wp-content\/uploads\/2025\/06\/libro_gobierno_gestion_calidad_IA_mpiattini.jpg\" class=\"has-border-color has-base-border-color wp-post-image\" alt=\"\" style=\"border-width:1px;object-fit:cover;\" srcset=\"https:\/\/i2sc.es\/wp-content\/uploads\/2025\/06\/libro_gobierno_gestion_calidad_IA_mpiattini.jpg 1000w, https:\/\/i2sc.es\/wp-content\/uploads\/2025\/06\/libro_gobierno_gestion_calidad_IA_mpiattini-209x300.jpg 209w, https:\/\/i2sc.es\/wp-content\/uploads\/2025\/06\/libro_gobierno_gestion_calidad_IA_mpiattini-713x1024.jpg 713w, https:\/\/i2sc.es\/wp-content\/uploads\/2025\/06\/libro_gobierno_gestion_calidad_IA_mpiattini-768x1103.jpg 768w\" sizes=\"auto, (max-width: 1000px) 100vw, 1000px\" \/><\/figure><\/div>\n\n\n\n<div class=\"wp-block-column is-layout-flow wp-block-column-is-layout-flow\" style=\"flex-basis:66.66%\"><div class=\"entry-content wp-block-post-content is-layout-flow wp-block-post-content-is-layout-flow\">\n<p>Author: Mario Piattini (October 2024)<\/p>\n\n\n\n<p>This book provides an overview of the main standards and techniques for governing, managing and assuring the quality of intelligent systems, with no other aim than to provide a list of tools, so that the reader is aware of their existence and the scope they address.<\/p>\n\n\n\n<p>From the good practices compiled in this book, we expect that organisations will be able to meet the challenges posed by AI by developing and deploying their own AI governance, quality and management systems in accordance with the most appropriate rights, ethical principles and engineering fundamentals.<\/p>\n\n\n\n<p class=\"translation-block\">You can buy the book <a href=\"https:\/\/www.amazon.es\/Gobierno-Gestin-Calidad-Inteligencia-Artificial\/dp\/B0DK8CVM61\" target=\"_self\">here<\/a> [Spanish].<\/p>\n<\/div><\/div>\n<\/div>\n\n<\/li><li class=\"wp-block-post post-387 post type-post status-publish format-standard has-post-thumbnail hentry category-recursos tag-articulo\">\n<h2 class=\"wp-block-post-title\">ISO\/IEC quality standards for AI engineering<\/h2>\n\n\n<div style=\"height:10px\" aria-hidden=\"true\" class=\"wp-block-spacer\"><\/div>\n\n\n\n<div class=\"wp-block-columns is-layout-flex wp-container-core-columns-is-layout-28f84493 wp-block-columns-is-layout-flex\">\n<div class=\"wp-block-column is-layout-flow wp-block-column-is-layout-flow\" style=\"flex-basis:20%\"><figure class=\"wp-block-post-featured-image\"><img loading=\"lazy\" decoding=\"async\" width=\"576\" height=\"768\" src=\"https:\/\/i2sc.es\/wp-content\/uploads\/2025\/06\/articulo_revista_CSR.jpg\" class=\"has-border-color has-base-border-color wp-post-image\" alt=\"Art\u00edculo revista CSR journal\" style=\"border-width:1px;object-fit:cover;\" srcset=\"https:\/\/i2sc.es\/wp-content\/uploads\/2025\/06\/articulo_revista_CSR.jpg 576w, https:\/\/i2sc.es\/wp-content\/uploads\/2025\/06\/articulo_revista_CSR-225x300.jpg 225w\" sizes=\"auto, (max-width: 576px) 100vw, 576px\" \/><\/figure><\/div>\n\n\n\n<div class=\"wp-block-column is-layout-flow wp-block-column-is-layout-flow\" style=\"flex-basis:66.66%\"><div class=\"entry-content wp-block-post-content is-layout-flow wp-block-post-content-is-layout-flow\">\n<p class=\"translation-block\">Authors: Jes\u00fas Oviedo, Mois\u00e9s Rodriguez, Andrea Trenta, Dino Cannas, Domenico Natale, Mario Piattini. Published in <a href=\"https:\/\/www.sciencedirect.com\/journal\/computer-science-review\/vol\/54\/suppl\/C\" target=\"_self\">Computer Science Review, vol. 54<\/a> (November 2024)<\/p>\n\n\n\n<p>This article provides a comprehensive overview of the various existing international standards, with a particular focus on those defined by ISO\/IEC, relating to the quality of Artificial Intelligence systems. <\/p>\n\n\n\n<p>Thus, standards are addressed in different quality dimensions for this type of system: the quality of the software processes used in their development, the quality of the software products themselves, and the quality of the data in the applications that make up AI systems. The article also describes the various existing proposals for evaluating the quality of AI systems in relation to the above dimensions.<\/p>\n\n\n\n<p class=\"translation-block\">You can read the article via the following <a href=\"https:\/\/www.sciencedirect.com\/science\/article\/abs\/pii\/S1574013724000650\" target=\"_self\">link<\/a>.<\/p>\n<\/div><\/div>\n<\/div>\n\n<\/li><li class=\"wp-block-post post-706 post type-post status-publish format-standard has-post-thumbnail hentry category-recursos tag-podcast\">\n<h2 class=\"wp-block-post-title\">Si no se regula la IA, se puede usar para malos fines<\/h2>\n\n\n<div style=\"height:10px\" aria-hidden=\"true\" class=\"wp-block-spacer\"><\/div>\n\n\n\n<div class=\"wp-block-columns is-layout-flex wp-container-core-columns-is-layout-28f84493 wp-block-columns-is-layout-flex\">\n<div class=\"wp-block-column is-layout-flow wp-block-column-is-layout-flow\" style=\"flex-basis:20%\"><figure class=\"wp-block-post-featured-image\"><img loading=\"lazy\" decoding=\"async\" width=\"320\" height=\"320\" src=\"https:\/\/i2sc.es\/wp-content\/uploads\/2025\/08\/rne_24horas.jpg\" class=\"has-border-color has-base-border-color wp-post-image\" alt=\"\" style=\"border-width:1px;object-fit:cover;\" srcset=\"https:\/\/i2sc.es\/wp-content\/uploads\/2025\/08\/rne_24horas.jpg 320w, https:\/\/i2sc.es\/wp-content\/uploads\/2025\/08\/rne_24horas-300x300.jpg 300w, https:\/\/i2sc.es\/wp-content\/uploads\/2025\/08\/rne_24horas-150x150.jpg 150w, https:\/\/i2sc.es\/wp-content\/uploads\/2025\/08\/rne_24horas-12x12.jpg 12w\" sizes=\"auto, (max-width: 320px) 100vw, 320px\" \/><\/figure><\/div>\n\n\n\n<div class=\"wp-block-column is-layout-flow wp-block-column-is-layout-flow\" style=\"flex-basis:66.66%\"><div class=\"entry-content wp-block-post-content is-layout-flow wp-block-post-content-is-layout-flow\">\n<p>Jos\u00e9 \u00c1ngel Olivas' appearance on <a href=\"https:\/\/www.rtve.es\/play\/audios\/24-horas\/\" data-type=\"link\" data-id=\"https:\/\/www.rtve.es\/play\/audios\/24-horas\/\">RNE 24 horas<\/a>&nbsp;(29\/03\/2023).<\/p>\n\n\n\n<p>Cientos de expertos a nivel mundial han firmado una carta en la que instan a hacer una pausa en el desarrollo de la inteligencia artificial (IA) hasta que se acuerde una regulaci\u00f3n.&nbsp;Jos\u00e9 \u00c1ngel Olivas considera que es acertado, tanto desde el punto de vista de la seguridad como del rigor debido al riesgo por posibles sesgos en los datos de entrenamiento. Por ello, asegura que se requiere de regulaci\u00f3n para evitar que se use con malos fines. \u00abSolo debemos desarrollarlos cuando estemos seguros de que los riesgos van a ser manejables\u00bb, afirma.<\/p>\n\n\n\n<p class=\"translation-block\">You can listen to the audio <a href=\"https:\/\/www.rtve.es\/play\/audios\/24-horas\/regular-inteligencia-artificial-malos-fines\/6846380\/\" target=\"_self\">here<\/a> [Spanish].<\/p>\n<\/div><\/div>\n<\/div>\n\n<\/li><li class=\"wp-block-post post-401 post type-post status-publish format-standard has-post-thumbnail hentry category-recursos tag-informe\">\n<h2 class=\"wp-block-post-title\">Inteligencia artificial, aprovechamiento inteligente de datos masivos usando Ingenier\u00eda del Conocimiento: Radicalizaci\u00f3n en redes sociales y consecuencias econ\u00f3micas de la pandemia<\/h2>\n\n\n<div style=\"height:10px\" aria-hidden=\"true\" class=\"wp-block-spacer\"><\/div>\n\n\n\n<div class=\"wp-block-columns is-layout-flex wp-container-core-columns-is-layout-28f84493 wp-block-columns-is-layout-flex\">\n<div class=\"wp-block-column is-layout-flow wp-block-column-is-layout-flow\" style=\"flex-basis:20%\"><figure class=\"wp-block-post-featured-image\"><img loading=\"lazy\" decoding=\"async\" width=\"640\" height=\"906\" src=\"https:\/\/i2sc.es\/wp-content\/uploads\/2025\/06\/OBS_IA_2023.png\" class=\"has-border-color has-base-border-color wp-post-image\" alt=\"\" style=\"border-width:1px;object-fit:cover;\" srcset=\"https:\/\/i2sc.es\/wp-content\/uploads\/2025\/06\/OBS_IA_2023.png 640w, https:\/\/i2sc.es\/wp-content\/uploads\/2025\/06\/OBS_IA_2023-212x300.png 212w\" sizes=\"auto, (max-width: 640px) 100vw, 640px\" \/><\/figure><\/div>\n\n\n\n<div class=\"wp-block-column is-layout-flow wp-block-column-is-layout-flow\" style=\"flex-basis:66.66%\"><div class=\"entry-content wp-block-post-content is-layout-flow wp-block-post-content-is-layout-flow\">\n<p>Authors: Jos\u00e9 \u00c1ngel Olivas, Andr\u00e9s Montoro, Antonio Lorenzo. Report for OBS Business School (January 2023)<\/p>\n\n\n\n<p>This report describes and proposes, within the field of artificial intelligence, the use of knowledge engineering models and other more \u201ccognitive\u201d and less \u201cnumerical\u201d disciplines and technologies, such as Soft Computing, the semantic\/linguistic approach to natural language processing, certain aspects of sociology and psychology, etc. Among other things, this is to make better intelligent use of the massive amounts of data available in many contexts in order to design systems that are more intelligent in the human sense and in terms of their performance than many of those that use only isolated numerical techniques.<\/p>\n\n\n\n<p class=\"translation-block\">You can download the report at this <a href=\"\/wp-content\/uploads\/2025\/06\/Informe_OBS_IA_IConocimiento_2023.pdf\" data-type=\"attachment\" data-id=\"404\" target=\"_blank\" rel=\"noreferrer noopener\">link<\/a> [Spanish].<\/p>\n<\/div><\/div>\n<\/div>\n\n<\/li><li class=\"wp-block-post post-393 post type-post status-publish format-standard has-post-thumbnail hentry category-recursos tag-podcast\">\n<h2 class=\"wp-block-post-title\">La Inteligencia Artificial: Que no te den datos por liebre<\/h2>\n\n\n<div style=\"height:10px\" aria-hidden=\"true\" class=\"wp-block-spacer\"><\/div>\n\n\n\n<div class=\"wp-block-columns is-layout-flex wp-container-core-columns-is-layout-28f84493 wp-block-columns-is-layout-flex\">\n<div class=\"wp-block-column is-layout-flow wp-block-column-is-layout-flow\" style=\"flex-basis:20%\"><figure class=\"wp-block-post-featured-image\"><img loading=\"lazy\" decoding=\"async\" width=\"320\" height=\"320\" src=\"https:\/\/i2sc.es\/wp-content\/uploads\/2025\/06\/cosas_ana_1.png\" class=\"has-border-color has-base-border-color wp-post-image\" alt=\"\" style=\"border-width:1px;object-fit:cover;\" srcset=\"https:\/\/i2sc.es\/wp-content\/uploads\/2025\/06\/cosas_ana_1.png 320w, https:\/\/i2sc.es\/wp-content\/uploads\/2025\/06\/cosas_ana_1-300x300.png 300w, https:\/\/i2sc.es\/wp-content\/uploads\/2025\/06\/cosas_ana_1-150x150.png 150w\" sizes=\"auto, (max-width: 320px) 100vw, 320px\" \/><\/figure><\/div>\n\n\n\n<div class=\"wp-block-column is-layout-flow wp-block-column-is-layout-flow\" style=\"flex-basis:66.66%\"><div class=\"entry-content wp-block-post-content is-layout-flow wp-block-post-content-is-layout-flow\">\n<p class=\"translation-block\">Jos\u00e9 \u00c1ngel Olivas' appearance on the programme <a href=\"https:\/\/www.rtve.es\/play\/audios\/las-cosas-de-ana\/\" target=\"_self\">Las cosas de Ana de RNE<\/a> (29\/01\/2023).<\/p>\n\n\n\n<p>We consider something to be objective and irrefutable if it is supported by data. Big decisions and the future are shaped by the idea that numbers don't lie. Big data and the growing phenomenon of Artificial Intelligence systems reinforce this. \u2018Let's be serious,\u2019 says Professor Jos\u00e9 \u00c1ngel Olivas, who has led a report on the intelligent use of AI, \u2018and not see data as some kind of god that will provide us with absolute truth.\u2019<\/p>\n\n\n\n<p class=\"translation-block\">You can listen to the podcast in this <a href=\"https:\/\/www.rtve.es\/play\/audios\/las-cosas-de-ana\/cosas-ana-inteligencia-articial-no-den-datos-liebre\/6787417\/\" data-type=\"link\" data-id=\"https:\/\/www.rtve.es\/play\/audios\/las-cosas-de-ana\/cosas-ana-inteligencia-articial-no-den-datos-liebre\/6787417\/\" target=\"_self\">link<\/a> [Spanish].<\/p>\n<\/div><\/div>\n<\/div>\n\n<\/li><li class=\"wp-block-post post-409 post type-post status-publish format-standard has-post-thumbnail hentry category-recursos tag-informe\">\n<h2 class=\"wp-block-post-title\">Inteligencia artificial, inteligencia computacional y an\u00e1lisis inteligente de datos<\/h2>\n\n\n<div style=\"height:10px\" aria-hidden=\"true\" class=\"wp-block-spacer\"><\/div>\n\n\n\n<div class=\"wp-block-columns is-layout-flex wp-container-core-columns-is-layout-28f84493 wp-block-columns-is-layout-flex\">\n<div class=\"wp-block-column is-layout-flow wp-block-column-is-layout-flow\" style=\"flex-basis:20%\"><figure class=\"wp-block-post-featured-image\"><img loading=\"lazy\" decoding=\"async\" width=\"606\" height=\"857\" src=\"https:\/\/i2sc.es\/wp-content\/uploads\/2025\/06\/OBS_IA_2021.png\" class=\"has-border-color has-base-border-color wp-post-image\" alt=\"\" style=\"border-width:1px;object-fit:cover;\" srcset=\"https:\/\/i2sc.es\/wp-content\/uploads\/2025\/06\/OBS_IA_2021.png 606w, https:\/\/i2sc.es\/wp-content\/uploads\/2025\/06\/OBS_IA_2021-212x300.png 212w\" sizes=\"auto, (max-width: 606px) 100vw, 606px\" \/><\/figure><\/div>\n\n\n\n<div class=\"wp-block-column is-layout-flow wp-block-column-is-layout-flow\" style=\"flex-basis:66.66%\"><div class=\"entry-content wp-block-post-content is-layout-flow wp-block-post-content-is-layout-flow\">\n<p>Author: Jos\u00e9 \u00c1ngel Olivas. Report for OBS Business School (MArch 2021)<\/p>\n\n\n\n<p>Nowadays, it is common to hear artificial intelligence being discussed constantly in the media and other areas, in most cases linking it solely to data processing and analysis. However, if we rigorously analyse the origins and purpose of this discipline, we will see that this conception is a dangerous simplification that can lead to misunderstandings in society in general.<\/p>\n\n\n\n<p>This research report attempts to clarify various concepts related to artificial intelligence and presents a map of the techniques and applications that are usually considered within this discipline, trying to differentiate as much as possible which ones should really be considered artificial intelligence (AI).<\/p>\n\n\n\n<p class=\"translation-block\">The report is available through this\u00a0<a href=\"\/wp-content\/uploads\/2025\/06\/Informe_OBS_IA_-2021.pdf\" data-type=\"attachment\" data-id=\"405\" target=\"_blank\" rel=\"noreferrer noopener\">link<\/a>.<\/p>\n<\/div><\/div>\n<\/div>\n\n<\/li><\/ul>\n\n<nav class=\"wp-block-query-pagination is-layout-flex wp-block-query-pagination-is-layout-flex\" aria-label=\"Pagination\">\n\n\n<div class=\"wp-block-query-pagination-numbers\"><span aria-current=\"page\" class=\"page-numbers current\">1<\/span>\n<a class=\"page-numbers\" href=\"?query-4-page=2\">2<\/a><\/div>\n\n<a href=\"\/en\/wp-json\/wp\/v2\/pages\/367?query-4-page=2\" class=\"wp-block-query-pagination-next\">Next Page<\/a>\n<\/nav>\n\n<\/div>","protected":false},"excerpt":{"rendered":"","protected":false},"author":1,"featured_media":0,"parent":0,"menu_order":0,"comment_status":"closed","ping_status":"closed","template":"","meta":{"footnotes":""},"class_list":["post-367","page","type-page","status-publish","hentry"],"_links":{"self":[{"href":"https:\/\/i2sc.es\/en\/wp-json\/wp\/v2\/pages\/367","targetHints":{"allow":["GET"]}}],"collection":[{"href":"https:\/\/i2sc.es\/en\/wp-json\/wp\/v2\/pages"}],"about":[{"href":"https:\/\/i2sc.es\/en\/wp-json\/wp\/v2\/types\/page"}],"author":[{"embeddable":true,"href":"https:\/\/i2sc.es\/en\/wp-json\/wp\/v2\/users\/1"}],"replies":[{"embeddable":true,"href":"https:\/\/i2sc.es\/en\/wp-json\/wp\/v2\/comments?post=367"}],"version-history":[{"count":9,"href":"https:\/\/i2sc.es\/en\/wp-json\/wp\/v2\/pages\/367\/revisions"}],"predecessor-version":[{"id":871,"href":"https:\/\/i2sc.es\/en\/wp-json\/wp\/v2\/pages\/367\/revisions\/871"}],"wp:attachment":[{"href":"https:\/\/i2sc.es\/en\/wp-json\/wp\/v2\/media?parent=367"}],"curies":[{"name":"wp","href":"https:\/\/api.w.org\/{rel}","templated":true}]}}