{"id":564,"date":"2025-07-15T08:07:52","date_gmt":"2025-07-15T08:07:52","guid":{"rendered":"https:\/\/i2sc.es\/?page_id=564"},"modified":"2025-11-05T15:23:37","modified_gmt":"2025-11-05T15:23:37","slug":"estandares-iso-iec-une-sobre-ia","status":"publish","type":"page","link":"https:\/\/i2sc.es\/en\/estandares-iso-iec-une-sobre-ia\/","title":{"rendered":"ISO\/IEC and UNE standards about AI"},"content":{"rendered":"<p>Below is the list of ISO\/IEC international standards (and also their UNE version where applicable) that are currently published, under development or planned.&nbsp;<\/p>\n\n\n\n<div data-client-id=\"fcc5481d757d4f10baf9f6b7caac2928\" id=\"pdf-1\" class=\"wp-block-tropicalista-pdfembed\" style=\"height:500px\" data-api-key=\"\" data-file-name=\"Estandares_ISO_IA_I2SC.pdf\" data-media-url=\"https:\/\/i2sc.es\/wp-content\/uploads\/2025\/07\/Estandares_ISO_IA_I2SC.pdf\" data-default-view-mode=\"FIT_PAGE\"><\/div>\n\n\n\n<p><em>Last updated: 14\/07\/2025<\/em>.<\/p>\n\n\n\n<p><\/p>","protected":false},"excerpt":{"rendered":"<p>A continuaci\u00f3n se&nbsp;muestra el listado de est\u00e1ndares internacionales ISO\/IEC (y tambi\u00e9n su versi\u00f3n UNE en los que corresponda) que actualmente se encuentran publicados, en desarrollo o previstos.&nbsp; \u00daltima actualizaci\u00f3n: 14\/07\/2025.<\/p>","protected":false},"author":1,"featured_media":0,"parent":0,"menu_order":0,"comment_status":"closed","ping_status":"closed","template":"","meta":{"footnotes":""},"class_list":["post-564","page","type-page","status-publish","hentry"],"_links":{"self":[{"href":"https:\/\/i2sc.es\/en\/wp-json\/wp\/v2\/pages\/564","targetHints":{"allow":["GET"]}}],"collection":[{"href":"https:\/\/i2sc.es\/en\/wp-json\/wp\/v2\/pages"}],"about":[{"href":"https:\/\/i2sc.es\/en\/wp-json\/wp\/v2\/types\/page"}],"author":[{"embeddable":true,"href":"https:\/\/i2sc.es\/en\/wp-json\/wp\/v2\/users\/1"}],"replies":[{"embeddable":true,"href":"https:\/\/i2sc.es\/en\/wp-json\/wp\/v2\/comments?post=564"}],"version-history":[{"count":10,"href":"https:\/\/i2sc.es\/en\/wp-json\/wp\/v2\/pages\/564\/revisions"}],"predecessor-version":[{"id":633,"href":"https:\/\/i2sc.es\/en\/wp-json\/wp\/v2\/pages\/564\/revisions\/633"}],"wp:attachment":[{"href":"https:\/\/i2sc.es\/en\/wp-json\/wp\/v2\/media?parent=564"}],"curies":[{"name":"wp","href":"https:\/\/api.w.org\/{rel}","templated":true}]}}